{"id":29889,"date":"2024-04-08T14:12:31","date_gmt":"2024-04-08T12:12:31","guid":{"rendered":"https:\/\/edosanima.ch\/agility\/"},"modified":"2024-11-23T16:40:53","modified_gmt":"2024-11-23T15:40:53","slug":"agility","status":"publish","type":"page","link":"https:\/\/edosdogs.ch\/de\/agility\/","title":{"rendered":"Agility"},"content":{"rendered":"<p>[et_pb_section fb_built=&#8220;1&#8243; custom_padding_last_edited=&#8220;on|phone&#8220; _builder_version=&#8220;4.23.1&#8243; _module_preset=&#8220;default&#8220; background_enable_image=&#8220;off&#8220; background_size=&#8220;contain&#8220; background_position=&#8220;top_left&#8220; background_horizontal_offset=&#8220;100%&#8220; background_vertical_offset=&#8220;-100%&#8220; min_height=&#8220;800px&#8220; custom_margin=&#8220;0px||||false|false&#8220; custom_padding_tablet=&#8220;&#8220; custom_padding_phone=&#8220;||0px||false|false&#8220; background_last_edited=&#8220;on|phone&#8220; background_size_tablet=&#8220;custom&#8220; background_size_phone=&#8220;contain&#8220; background_image_width_tablet=&#8220;150%&#8220; background_image_width_phone=&#8220;200%&#8220; background_image_height_tablet=&#8220;0%&#8220; background_position_tablet=&#8220;top_center&#8220; background_position_phone=&#8220;top_center&#8220; background_vertical_offset_tablet=&#8220;1%&#8220; global_colors_info=&#8220;{}&#8220;][et_pb_row column_structure=&#8220;2_5,3_5&#8243; _builder_version=&#8220;4.23.1&#8243; _module_preset=&#8220;default&#8220; custom_margin=&#8220;||||false|false&#8220; custom_margin_tablet=&#8220;||||false|false&#8220; custom_margin_phone=&#8220;||0px||false|false&#8220; custom_margin_last_edited=&#8220;on|phone&#8220; custom_padding=&#8220;||||false|false&#8220; global_colors_info=&#8220;{}&#8220;][et_pb_column type=&#8220;2_5&#8243; _builder_version=&#8220;4.23.1&#8243; _module_preset=&#8220;default&#8220; pac_dcm_carousel_specific_module_num=&#8220;0&#8243; global_colors_info=&#8220;{}&#8220;][et_pb_text _builder_version=&#8220;4.23.1&#8243; _module_preset=&#8220;default&#8220; header_font_size=&#8220;65px&#8220; custom_margin=&#8220;||||false|false&#8220; custom_padding=&#8220;||||false|false&#8220; animation_style=&#8220;fade&#8220; header_font_size_tablet=&#8220;90px&#8220; header_font_size_phone=&#8220;50px&#8220; header_font_size_last_edited=&#8220;on|phone&#8220; global_colors_info=&#8220;{}&#8220;]<\/p>\n<h1>Agility-Schnupper-kurs<\/h1>\n<p>[\/et_pb_text][et_pb_text _builder_version=&#8220;4.23.1&#8243; _module_preset=&#8220;default&#8220; text_font=&#8220;||||||||&#8220; text_font_size=&#8220;45px&#8220; text_line_height=&#8220;1.5em&#8220; animation_style=&#8220;fade&#8220; text_font_size_tablet=&#8220;36px&#8220; text_font_size_phone=&#8220;24px&#8220; text_font_size_last_edited=&#8220;on|phone&#8220; global_colors_info=&#8220;{}&#8220;]<\/p>\n<p>Agility entdecken<\/p>\n<p>[\/et_pb_text][et_pb_text _builder_version=&#8220;4.23.1&#8243; _module_preset=&#8220;default&#8220; header_font_size=&#8220;72px&#8220; header_3_font_size=&#8220;45px&#8220; header_3_line_height=&#8220;1.5em&#8220; animation_style=&#8220;fade&#8220; header_3_font_size_tablet=&#8220;45px&#8220; header_3_font_size_phone=&#8220;30px&#8220; header_3_font_size_last_edited=&#8220;on|phone&#8220; global_colors_info=&#8220;{}&#8220;][\/et_pb_text][et_pb_image src=&#8220;https:\/\/edosanima.ch\/wp-content\/uploads\/2024\/04\/ligne-patteFichier-63.png&#8220; alt=&#8220;Hund im Slalom w\u00e4hrend eines Agility-Schnupperkurses&#8220; align_tablet=&#8220;&#8220; align_phone=&#8220;center&#8220; align_last_edited=&#8220;on|phone&#8220; _builder_version=&#8220;4.23.1&#8243; _module_preset=&#8220;default&#8220; width_tablet=&#8220;&#8220; width_phone=&#8220;200px&#8220; width_last_edited=&#8220;on|phone&#8220; max_width=&#8220;350px&#8220; custom_margin=&#8220;||||false|false&#8220; custom_padding=&#8220;60px||||false|false&#8220; custom_padding_tablet=&#8220;60px||||false|false&#8220; custom_padding_phone=&#8220;0px||||false|false&#8220; custom_padding_last_edited=&#8220;on|phone&#8220; animation_style=&#8220;fade&#8220; global_colors_info=&#8220;{}&#8220;][\/et_pb_image][\/et_pb_column][et_pb_column type=&#8220;3_5&#8243; disabled_on=&#8220;off|off|off&#8220; _builder_version=&#8220;4.23.1&#8243; _module_preset=&#8220;default&#8220; pac_dcm_carousel_specific_module_num=&#8220;0&#8243; global_colors_info=&#8220;{}&#8220;][et_pb_text _builder_version=&#8220;4.23.1&#8243; _module_preset=&#8220;default&#8220; text_font=&#8220;||||||||&#8220; text_font_size=&#8220;36px&#8220; text_line_height=&#8220;1.5em&#8220; animation_style=&#8220;fade&#8220; text_font_size_tablet=&#8220;36px&#8220; text_font_size_phone=&#8220;24px&#8220; text_font_size_last_edited=&#8220;on|phone&#8220; global_colors_info=&#8220;{}&#8220;]<\/p>\n<p>Zusammen lernen und sich auslasten<\/p>\n<p>[\/et_pb_text][et_pb_text _builder_version=&#8220;4.23.1&#8243; _module_preset=&#8220;default&#8220; animation_style=&#8220;fade&#8220; global_colors_info=&#8220;{}&#8220;]<\/p>\n<p>Agility ist eine Sportart f\u00fcr Hunde aller Rassen. Im Agility geht es darum, den Hund mit K\u00f6rper und Stimme durch einen Parcours mit Hindernissen (Tunnel, H\u00fcrden, Slalom usw.) zu f\u00fchren.<\/p>\n<p>[\/et_pb_text][et_pb_button button_url=&#8220;#Agility&#8220; button_text=&#8220;+ Mehr&#8220; _builder_version=&#8220;4.23.1&#8243; _module_preset=&#8220;default&#8220; custom_button=&#8220;on&#8220; button_text_size=&#8220;18px&#8220; button_border_radius=&#8220;50px&#8220; button_use_icon=&#8220;off&#8220; animation_style=&#8220;fade&#8220; global_colors_info=&#8220;{}&#8220; button_bg_color__hover_enabled=&#8220;on|hover&#8220; button_bg_color__hover=&#8220;#efe9cf&#8220; button_bg_enable_color__hover=&#8220;on&#8220;][\/et_pb_button][et_pb_cta title=&#8220;Geschenkgutschein&#8220; button_url=&#8220;https:\/\/edosanima.ch\/de\/kontakt\/&#8220; button_text=&#8220;Kontaktformular&#8220; _builder_version=&#8220;4.23.1&#8243; _module_preset=&#8220;default&#8220; header_level=&#8220;h4&#8243; body_text_align=&#8220;left&#8220; background_color=&#8220;#efe9cf&#8220; custom_button=&#8220;on&#8220; button_text_color=&#8220;#FFFFFF&#8220; button_bg_color=&#8220;#eb5e5e&#8220; button_border_width=&#8220;0px&#8220; button_border_radius=&#8220;50px&#8220; button_use_icon=&#8220;off&#8220; text_orientation=&#8220;left&#8220; background_layout=&#8220;light&#8220; animation_style=&#8220;fade&#8220; link_option_url=&#8220;https:\/\/edosanima.ch\/de\/kontakt\/&#8220; button_bg_color_last_edited=&#8220;off|desktop&#8220; border_radii=&#8220;on|50px|50px|50px|50px&#8220; border_color_all=&#8220;#eb5e5e&#8220; global_colors_info=&#8220;{}&#8220; button_bg_color__hover_enabled=&#8220;on|hover&#8220; button_bg_color__hover=&#8220;rgba(0,0,0,0.1)&#8220; button_bg_enable_color__hover=&#8220;on&#8220;]<\/p>\n<p>M\u00f6chten Sie jemanden Agility ausprobieren lassen? Bestellen Sie mit dem Kontaktformular einen Geschenkgutschein mit dem gew\u00fcnschten Betrag.<\/p>\n<p>[\/et_pb_cta][\/et_pb_column][\/et_pb_row][\/et_pb_section][et_pb_section fb_built=&#8220;1&#8243; _builder_version=&#8220;4.23.1&#8243; _module_preset=&#8220;default&#8220; background_image=&#8220;https:\/\/edosanima.ch\/wp-content\/uploads\/2024\/04\/agility-chien-separateur-2-edos-anima-bien-etre-animal-humain-chien-education-canine-hund-comportement-garde-suisse-fribourg-berne-scaled.jpg&#8220; height=&#8220;620px&#8220; height_tablet=&#8220;620px&#8220; height_phone=&#8220;300px&#8220; height_last_edited=&#8220;on|tablet&#8220; global_colors_info=&#8220;{}&#8220;][\/et_pb_section][et_pb_section fb_built=&#8220;1&#8243; specialty=&#8220;on&#8220; module_id=&#8220;Agility&#8220; _builder_version=&#8220;4.23.1&#8243; _module_preset=&#8220;default&#8220; inner_max_width=&#8220;none&#8220; custom_margin=&#8220;||0px||false|false&#8220; custom_padding=&#8220;||||false|false&#8220; global_colors_info=&#8220;{}&#8220;][et_pb_column type=&#8220;2_3&#8243; specialty_columns=&#8220;2&#8243; _builder_version=&#8220;4.16&#8243; custom_padding=&#8220;|||&#8220; pac_dcm_carousel_specific_module_num=&#8220;0&#8243; global_colors_info=&#8220;{}&#8220; custom_padding__hover=&#8220;|||&#8220;][et_pb_row_inner column_structure=&#8220;1_2,1_2&#8243; make_equal=&#8220;on&#8220; _builder_version=&#8220;4.23.1&#8243; _module_preset=&#8220;default&#8220; max_width=&#8220;1080px&#8220; module_alignment=&#8220;right&#8220; custom_margin=&#8220;||||false|false&#8220; custom_padding=&#8220;||0px||false|false&#8220; global_colors_info=&#8220;{}&#8220;][et_pb_column_inner type=&#8220;1_2&#8243; saved_specialty_column_type=&#8220;2_3&#8243; _builder_version=&#8220;4.23.1&#8243; _module_preset=&#8220;default&#8220; pac_dcm_carousel_specific_module_num=&#8220;0&#8243; global_colors_info=&#8220;{}&#8220;][et_pb_text _builder_version=&#8220;4.23.1&#8243; _module_preset=&#8220;default&#8220; header_2_font_size=&#8220;48px&#8220; animation_style=&#8220;fade&#8220; header_2_font_size_tablet=&#8220;72px&#8220; header_2_font_size_phone=&#8220;36px&#8220; header_2_font_size_last_edited=&#8220;on|phone&#8220; global_colors_info=&#8220;{}&#8220;]<\/p>\n<h2>Agility entdecken<\/h2>\n<p>[\/et_pb_text][\/et_pb_column_inner][et_pb_column_inner type=&#8220;1_2&#8243; saved_specialty_column_type=&#8220;2_3&#8243; _builder_version=&#8220;4.23.1&#8243; _module_preset=&#8220;default&#8220; pac_dcm_carousel_specific_module_num=&#8220;0&#8243; global_colors_info=&#8220;{}&#8220;][et_pb_text _builder_version=&#8220;4.23.1&#8243; _module_preset=&#8220;default&#8220; header_3_font_size=&#8220;36px&#8220; header_3_line_height=&#8220;1.5em&#8220; custom_padding_tablet=&#8220;&#8220; custom_padding_phone=&#8220;30px||||false|false&#8220; custom_padding_last_edited=&#8220;on|phone&#8220; animation_style=&#8220;fade&#8220; header_3_font_size_tablet=&#8220;36px&#8220; header_3_font_size_phone=&#8220;24px&#8220; header_3_font_size_last_edited=&#8220;on|phone&#8220; global_colors_info=&#8220;{}&#8220;]<\/p>\n<h3>Zusammen lernen und sich auslasten<\/h3>\n<p>[\/et_pb_text][\/et_pb_column_inner][\/et_pb_row_inner][et_pb_row_inner column_structure=&#8220;1_2,1_2&#8243; _builder_version=&#8220;4.23.1&#8243; _module_preset=&#8220;default&#8220; max_width=&#8220;1080px&#8220; module_alignment=&#8220;right&#8220; global_colors_info=&#8220;{}&#8220;][et_pb_column_inner type=&#8220;1_2&#8243; saved_specialty_column_type=&#8220;2_3&#8243; _builder_version=&#8220;4.23.1&#8243; _module_preset=&#8220;default&#8220; pac_dcm_carousel_specific_module_num=&#8220;0&#8243; global_colors_info=&#8220;{}&#8220;][et_pb_text _builder_version=&#8220;4.23.1&#8243; _module_preset=&#8220;default&#8220; animation_style=&#8220;fade&#8220; hover_enabled=&#8220;0&#8243; global_colors_info=&#8220;{}&#8220; sticky_enabled=&#8220;0&#8243;]<\/p>\n<p>Agility-Schnupperkurse f\u00fcr Hunde mit Grundausbildung. Junghunde sind ebenfalls willkommen. Obwohl sie die Spr\u00fcnge noch nicht ausf\u00fchren k\u00f6nnen, erwerben sie f\u00fcr Hundesportarten wertvolle Kompetenzen, aber auch verschiedene Kompetenzen, die im Alltag n\u00fctzlich sind (z. B. sich auf eine Aufgabe konzentrieren, sich in seiner Umgebung wohlf\u00fchlen, ruhig bleiben, die Aufmerksamkeit auf den\/die Besitzer\/in richten und gemeinsam Spass haben usw.).<\/p>\n<p>Agility ist eine Sportart f\u00fcr Hunde aller Rassen. Im Agility geht es darum, den Hund mit K\u00f6rper und Stimme durch einen Parcours mit Hindernissen (Tunnel, H\u00fcrden, Slalom usw.) zu f\u00fchren.<br \/>Agility erm\u00f6glicht Hundehaltenden, ihre Vierbeiner k\u00f6rperlich und mental auszulasten und eine sch\u00f6ne Zeit mit ihnen zu verbringen. Der spielerische Sport wird mit Respekt und Wohlwollen betrieben.<\/p>\n<p>[\/et_pb_text][\/et_pb_column_inner][et_pb_column_inner type=&#8220;1_2&#8243; saved_specialty_column_type=&#8220;2_3&#8243; _builder_version=&#8220;4.23.1&#8243; _module_preset=&#8220;default&#8220; pac_dcm_carousel_specific_module_num=&#8220;0&#8243; global_colors_info=&#8220;{}&#8220;][et_pb_text _builder_version=&#8220;4.23.1&#8243; _module_preset=&#8220;default&#8220; animation_style=&#8220;fade&#8220; global_colors_info=&#8220;{}&#8220;]<\/p>\n<p>Finden Sie heraus, ob diese Aktivit\u00e4t zu Ihnen und Ihrem Hund passt, und verst\u00e4rken Sie Ihre Bindung, indem Sie gemeinsam Spass haben.<\/p>\n<p>Tarife : <br \/>Privatkurse: 100.\u2013\/Stunde. <br \/>Kurse in Kleingruppen: 20.\u2013\/Stunde.<\/p>\n<p>Zeit: nach Vereinbarung.<\/p>\n<p>M\u00e4rz\u2013Oktober, je nach Wetter.<\/p>\n<p>Ort: bei mir zu Hause.<\/p>\n<p>[\/et_pb_text][et_pb_button button_url=&#8220;https:\/\/edosanima.ch\/de\/kontakt\/&#8220; button_text=&#8220;Kontaktformular&#8220; _builder_version=&#8220;4.23.1&#8243; _module_preset=&#8220;default&#8220; custom_button=&#8220;on&#8220; button_text_size=&#8220;18px&#8220; button_text_color=&#8220;#FFFFFF&#8220; button_bg_color=&#8220;#eb5e5e&#8220; button_border_width=&#8220;0px&#8220; button_border_radius=&#8220;50px&#8220; button_use_icon=&#8220;off&#8220; animation_style=&#8220;fade&#8220; global_colors_info=&#8220;{}&#8220; button_bg_color__hover_enabled=&#8220;on|hover&#8220; button_bg_color__hover=&#8220;#efe9cf&#8220; button_bg_enable_color__hover=&#8220;on&#8220;][\/et_pb_button][\/et_pb_column_inner][\/et_pb_row_inner][\/et_pb_column][et_pb_column type=&#8220;1_3&#8243; _builder_version=&#8220;4.16&#8243; custom_padding=&#8220;|||&#8220; pac_dcm_carousel_specific_module_num=&#8220;0&#8243; global_colors_info=&#8220;{}&#8220; custom_padding__hover=&#8220;|||&#8220;][et_pb_image src=&#8220;https:\/\/edosanima.ch\/wp-content\/uploads\/2024\/04\/agility-chien-2-edos-anima-bien-etre-animal-humain-chien-education-canine-hund-comportement-garde-suisse-fribourg-berne.jpg&#8220; alt=&#8220;Hund springt w\u00e4hrend eines Agility-Kurses \u00fcber ein Hindernis&#8220; align_tablet=&#8220;center&#8220; align_phone=&#8220;center&#8220; align_last_edited=&#8220;on|desktop&#8220; _builder_version=&#8220;4.23.1&#8243; _module_preset=&#8220;default&#8220; width_tablet=&#8220;100%&#8220; width_phone=&#8220;100%&#8220; width_last_edited=&#8220;on|desktop&#8220; animation_style=&#8220;fade&#8220; global_colors_info=&#8220;{}&#8220;][\/et_pb_image][\/et_pb_column][\/et_pb_section]<\/p>\n","protected":false},"excerpt":{"rendered":"<p>Agility-Schnupper-kursAgility entdeckenZusammen lernen und sich auslastenAgility ist eine Sportart f\u00fcr Hunde aller Rassen. Im Agility geht es darum, den Hund mit K\u00f6rper und Stimme durch einen Parcours mit Hindernissen (Tunnel, H\u00fcrden, Slalom usw.) zu f\u00fchren.M\u00f6chten Sie jemanden Agility ausprobieren lassen? Bestellen Sie mit dem Kontaktformular einen Geschenkgutschein mit dem gew\u00fcnschten Betrag.Agility entdeckenZusammen lernen und sich [&hellip;]<\/p>\n","protected":false},"author":1,"featured_media":0,"parent":0,"menu_order":0,"comment_status":"closed","ping_status":"closed","template":"","meta":{"_et_pb_use_builder":"on","_et_pb_old_content":"","_et_gb_content_width":"","footnotes":""},"class_list":["post-29889","page","type-page","status-publish","hentry"],"yoast_head":"<!-- This site is optimized with the Yoast SEO plugin v27.5 - https:\/\/yoast.com\/product\/yoast-seo-wordpress\/ -->\n<title>Agility-Kurse f\u00fcr Hunde | Spass im Kanton Freiburg<\/title>\n<meta name=\"description\" content=\"F\u00f6rdern Sie die Geschicklichkeit Ihres Hundes mit EdosAnima! Unsere Agility-Kurse bieten Spass in einer freundlichen und respektvollen Atmosph\u00e4re. Besuchen Sie uns in Gurmels (Fribourg).\" \/>\n<meta name=\"robots\" content=\"index, follow, max-snippet:-1, max-image-preview:large, max-video-preview:-1\" \/>\n<link rel=\"canonical\" href=\"https:\/\/edosdogs.ch\/de\/agility\/\" \/>\n<meta property=\"og:locale\" content=\"de_DE\" \/>\n<meta property=\"og:type\" content=\"article\" \/>\n<meta property=\"og:title\" content=\"Agility-Kurse f\u00fcr Hunde | Spass im Kanton Freiburg\" \/>\n<meta property=\"og:description\" content=\"F\u00f6rdern Sie die Geschicklichkeit Ihres Hundes mit EdosAnima! Unsere Agility-Kurse bieten Spass in einer freundlichen und respektvollen Atmosph\u00e4re. Besuchen Sie uns in Gurmels (Fribourg).\" \/>\n<meta property=\"og:url\" content=\"https:\/\/edosdogs.ch\/de\/agility\/\" \/>\n<meta property=\"og:site_name\" content=\"EdosDogs\" \/>\n<meta property=\"article:modified_time\" content=\"2024-11-23T15:40:53+00:00\" \/>\n<meta name=\"twitter:card\" content=\"summary_large_image\" \/>\n<meta name=\"twitter:label1\" content=\"Gesch\u00e4tzte Lesezeit\" \/>\n\t<meta name=\"twitter:data1\" content=\"2\u00a0Minuten\" \/>\n<script type=\"application\/ld+json\" class=\"yoast-schema-graph\">{\"@context\":\"https:\\\/\\\/schema.org\",\"@graph\":[{\"@type\":\"WebPage\",\"@id\":\"https:\\\/\\\/edosdogs.ch\\\/de\\\/agility\\\/\",\"url\":\"https:\\\/\\\/edosdogs.ch\\\/de\\\/agility\\\/\",\"name\":\"Agility-Kurse f\u00fcr Hunde | Spass im Kanton Freiburg\",\"isPartOf\":{\"@id\":\"https:\\\/\\\/edosdogs.ch\\\/de\\\/#website\"},\"datePublished\":\"2024-04-08T12:12:31+00:00\",\"dateModified\":\"2024-11-23T15:40:53+00:00\",\"description\":\"F\u00f6rdern Sie die Geschicklichkeit Ihres Hundes mit EdosAnima! Unsere Agility-Kurse bieten Spass in einer freundlichen und respektvollen Atmosph\u00e4re. Besuchen Sie uns in Gurmels (Fribourg).\",\"breadcrumb\":{\"@id\":\"https:\\\/\\\/edosdogs.ch\\\/de\\\/agility\\\/#breadcrumb\"},\"inLanguage\":\"de\",\"potentialAction\":[{\"@type\":\"ReadAction\",\"target\":[\"https:\\\/\\\/edosdogs.ch\\\/de\\\/agility\\\/\"]}]},{\"@type\":\"BreadcrumbList\",\"@id\":\"https:\\\/\\\/edosdogs.ch\\\/de\\\/agility\\\/#breadcrumb\",\"itemListElement\":[{\"@type\":\"ListItem\",\"position\":1,\"name\":\"Accueil\",\"item\":\"https:\\\/\\\/edosdogs.ch\\\/de\\\/\"},{\"@type\":\"ListItem\",\"position\":2,\"name\":\"Agility\"}]},{\"@type\":\"WebSite\",\"@id\":\"https:\\\/\\\/edosdogs.ch\\\/de\\\/#website\",\"url\":\"https:\\\/\\\/edosdogs.ch\\\/de\\\/\",\"name\":\"EdosAnima\",\"description\":\"Bien-\u00eatre canin et humain\",\"publisher\":{\"@id\":\"https:\\\/\\\/edosdogs.ch\\\/de\\\/#organization\"},\"potentialAction\":[{\"@type\":\"SearchAction\",\"target\":{\"@type\":\"EntryPoint\",\"urlTemplate\":\"https:\\\/\\\/edosdogs.ch\\\/de\\\/?s={search_term_string}\"},\"query-input\":{\"@type\":\"PropertyValueSpecification\",\"valueRequired\":true,\"valueName\":\"search_term_string\"}}],\"inLanguage\":\"de\"},{\"@type\":\"Organization\",\"@id\":\"https:\\\/\\\/edosdogs.ch\\\/de\\\/#organization\",\"name\":\"EdosAnima\",\"url\":\"https:\\\/\\\/edosdogs.ch\\\/de\\\/\",\"logo\":{\"@type\":\"ImageObject\",\"inLanguage\":\"de\",\"@id\":\"https:\\\/\\\/edosdogs.ch\\\/de\\\/#\\\/schema\\\/logo\\\/image\\\/\",\"url\":\"https:\\\/\\\/edosanima.ch\\\/wp-content\\\/uploads\\\/2024\\\/04\\\/watermark-brun.png\",\"contentUrl\":\"https:\\\/\\\/edosanima.ch\\\/wp-content\\\/uploads\\\/2024\\\/04\\\/watermark-brun.png\",\"width\":376,\"height\":377,\"caption\":\"EdosAnima\"},\"image\":{\"@id\":\"https:\\\/\\\/edosdogs.ch\\\/de\\\/#\\\/schema\\\/logo\\\/image\\\/\"}}]}<\/script>\n<!-- \/ Yoast SEO plugin. -->","yoast_head_json":{"title":"Agility-Kurse f\u00fcr Hunde | Spass im Kanton Freiburg","description":"F\u00f6rdern Sie die Geschicklichkeit Ihres Hundes mit EdosAnima! Unsere Agility-Kurse bieten Spass in einer freundlichen und respektvollen Atmosph\u00e4re. Besuchen Sie uns in Gurmels (Fribourg).","robots":{"index":"index","follow":"follow","max-snippet":"max-snippet:-1","max-image-preview":"max-image-preview:large","max-video-preview":"max-video-preview:-1"},"canonical":"https:\/\/edosdogs.ch\/de\/agility\/","og_locale":"de_DE","og_type":"article","og_title":"Agility-Kurse f\u00fcr Hunde | Spass im Kanton Freiburg","og_description":"F\u00f6rdern Sie die Geschicklichkeit Ihres Hundes mit EdosAnima! Unsere Agility-Kurse bieten Spass in einer freundlichen und respektvollen Atmosph\u00e4re. Besuchen Sie uns in Gurmels (Fribourg).","og_url":"https:\/\/edosdogs.ch\/de\/agility\/","og_site_name":"EdosDogs","article_modified_time":"2024-11-23T15:40:53+00:00","twitter_card":"summary_large_image","twitter_misc":{"Gesch\u00e4tzte Lesezeit":"2\u00a0Minuten"},"schema":{"@context":"https:\/\/schema.org","@graph":[{"@type":"WebPage","@id":"https:\/\/edosdogs.ch\/de\/agility\/","url":"https:\/\/edosdogs.ch\/de\/agility\/","name":"Agility-Kurse f\u00fcr Hunde | Spass im Kanton Freiburg","isPartOf":{"@id":"https:\/\/edosdogs.ch\/de\/#website"},"datePublished":"2024-04-08T12:12:31+00:00","dateModified":"2024-11-23T15:40:53+00:00","description":"F\u00f6rdern Sie die Geschicklichkeit Ihres Hundes mit EdosAnima! Unsere Agility-Kurse bieten Spass in einer freundlichen und respektvollen Atmosph\u00e4re. Besuchen Sie uns in Gurmels (Fribourg).","breadcrumb":{"@id":"https:\/\/edosdogs.ch\/de\/agility\/#breadcrumb"},"inLanguage":"de","potentialAction":[{"@type":"ReadAction","target":["https:\/\/edosdogs.ch\/de\/agility\/"]}]},{"@type":"BreadcrumbList","@id":"https:\/\/edosdogs.ch\/de\/agility\/#breadcrumb","itemListElement":[{"@type":"ListItem","position":1,"name":"Accueil","item":"https:\/\/edosdogs.ch\/de\/"},{"@type":"ListItem","position":2,"name":"Agility"}]},{"@type":"WebSite","@id":"https:\/\/edosdogs.ch\/de\/#website","url":"https:\/\/edosdogs.ch\/de\/","name":"EdosAnima","description":"Bien-\u00eatre canin et humain","publisher":{"@id":"https:\/\/edosdogs.ch\/de\/#organization"},"potentialAction":[{"@type":"SearchAction","target":{"@type":"EntryPoint","urlTemplate":"https:\/\/edosdogs.ch\/de\/?s={search_term_string}"},"query-input":{"@type":"PropertyValueSpecification","valueRequired":true,"valueName":"search_term_string"}}],"inLanguage":"de"},{"@type":"Organization","@id":"https:\/\/edosdogs.ch\/de\/#organization","name":"EdosAnima","url":"https:\/\/edosdogs.ch\/de\/","logo":{"@type":"ImageObject","inLanguage":"de","@id":"https:\/\/edosdogs.ch\/de\/#\/schema\/logo\/image\/","url":"https:\/\/edosanima.ch\/wp-content\/uploads\/2024\/04\/watermark-brun.png","contentUrl":"https:\/\/edosanima.ch\/wp-content\/uploads\/2024\/04\/watermark-brun.png","width":376,"height":377,"caption":"EdosAnima"},"image":{"@id":"https:\/\/edosdogs.ch\/de\/#\/schema\/logo\/image\/"}}]}},"_links":{"self":[{"href":"https:\/\/edosdogs.ch\/de\/wp-json\/wp\/v2\/pages\/29889","targetHints":{"allow":["GET"]}}],"collection":[{"href":"https:\/\/edosdogs.ch\/de\/wp-json\/wp\/v2\/pages"}],"about":[{"href":"https:\/\/edosdogs.ch\/de\/wp-json\/wp\/v2\/types\/page"}],"author":[{"embeddable":true,"href":"https:\/\/edosdogs.ch\/de\/wp-json\/wp\/v2\/users\/1"}],"replies":[{"embeddable":true,"href":"https:\/\/edosdogs.ch\/de\/wp-json\/wp\/v2\/comments?post=29889"}],"version-history":[{"count":19,"href":"https:\/\/edosdogs.ch\/de\/wp-json\/wp\/v2\/pages\/29889\/revisions"}],"predecessor-version":[{"id":30789,"href":"https:\/\/edosdogs.ch\/de\/wp-json\/wp\/v2\/pages\/29889\/revisions\/30789"}],"wp:attachment":[{"href":"https:\/\/edosdogs.ch\/de\/wp-json\/wp\/v2\/media?parent=29889"}],"curies":[{"name":"wp","href":"https:\/\/api.w.org\/{rel}","templated":true}]}}