{"id":30405,"date":"2024-06-11T13:44:25","date_gmt":"2024-06-11T11:44:25","guid":{"rendered":"https:\/\/edosanima.ch\/produit\/kalbsohren\/"},"modified":"2024-07-25T17:27:26","modified_gmt":"2024-07-25T15:27:26","slug":"kalbsohren","status":"publish","type":"product","link":"https:\/\/edosdogs.ch\/de\/boutique\/kauartikel\/kalbsohren\/","title":{"rendered":"Kalbsohren mit Ohrmuschel 350g"},"content":{"rendered":"<p>[et_pb_section fb_built=&#8220;1&#8243; _builder_version=&#8220;4.16&#8243; custom_padding=&#8220;0px||||false|false&#8220; global_colors_info=&#8220;{}&#8220;][et_pb_row _builder_version=&#8220;4.16&#8243; background_size=&#8220;initial&#8220; background_position=&#8220;top_left&#8220; background_repeat=&#8220;repeat&#8220; width=&#8220;100%&#8220; custom_padding=&#8220;0px||0px||false|false&#8220; global_colors_info=&#8220;{}&#8220;][et_pb_column type=&#8220;4_4&#8243; _builder_version=&#8220;4.16&#8243; custom_padding=&#8220;|||&#8220; pac_dcm_carousel_specific_module_num=&#8220;0&#8243; global_colors_info=&#8220;{}&#8220; custom_padding__hover=&#8220;|||&#8220;][et_pb_wc_breadcrumb _builder_version=&#8220;4.16&#8243; global_colors_info=&#8220;{}&#8220;][\/et_pb_wc_breadcrumb][et_pb_wc_cart_notice _builder_version=&#8220;4.23.1&#8243; title_text_color=&#8220;#000000&#8243; background_color=&#8220;RGBA(255,255,255,0)&#8220; global_colors_info=&#8220;{}&#8220;][\/et_pb_wc_cart_notice][\/et_pb_column][\/et_pb_row][et_pb_row column_structure=&#8220;1_2,1_2&#8243; _builder_version=&#8220;4.16&#8243; background_size=&#8220;initial&#8220; background_position=&#8220;top_left&#8220; background_repeat=&#8220;repeat&#8220; width=&#8220;100%&#8220; custom_padding=&#8220;0px||||false|false&#8220; global_colors_info=&#8220;{}&#8220;][et_pb_column type=&#8220;1_2&#8243; _builder_version=&#8220;4.16&#8243; custom_padding=&#8220;|||&#8220; pac_dcm_carousel_specific_module_num=&#8220;0&#8243; global_colors_info=&#8220;{}&#8220; custom_padding__hover=&#8220;|||&#8220;][et_pb_wc_images _builder_version=&#8220;4.16&#8243; global_colors_info=&#8220;{}&#8220;][\/et_pb_wc_images][\/et_pb_column][et_pb_column type=&#8220;1_2&#8243; _builder_version=&#8220;4.16&#8243; custom_padding=&#8220;|||&#8220; pac_dcm_carousel_specific_module_num=&#8220;0&#8243; global_colors_info=&#8220;{}&#8220; custom_padding__hover=&#8220;|||&#8220;][et_pb_wc_title _builder_version=&#8220;4.23.1&#8243; header_level=&#8220;h3&#8243; header_font_size=&#8220;40px&#8220; global_colors_info=&#8220;{}&#8220;][\/et_pb_wc_title][et_pb_wc_rating _builder_version=&#8220;4.16&#8243; global_colors_info=&#8220;{}&#8220;][\/et_pb_wc_rating][et_pb_wc_price _builder_version=&#8220;4.23.1&#8243; body_text_color=&#8220;#eb5f5e&#8220; global_colors_info=&#8220;{}&#8220;][\/et_pb_wc_price][et_pb_wc_description _builder_version=&#8220;4.16&#8243; global_colors_info=&#8220;{}&#8220;][\/et_pb_wc_description][et_pb_wc_add_to_cart _builder_version=&#8220;4.23.1&#8243; fields_text_color=&#8220;#9999cb&#8220; custom_button=&#8220;on&#8220; button_text_color=&#8220;#eb5f5e&#8220; button_border_radius=&#8220;25px&#8220; global_colors_info=&#8220;{}&#8220;][\/et_pb_wc_add_to_cart][\/et_pb_column][\/et_pb_row][et_pb_row _builder_version=&#8220;4.16&#8243; background_size=&#8220;initial&#8220; background_position=&#8220;top_left&#8220; background_repeat=&#8220;repeat&#8220; width=&#8220;100%&#8220; global_colors_info=&#8220;{}&#8220;][et_pb_column type=&#8220;4_4&#8243; _builder_version=&#8220;4.16&#8243; custom_padding=&#8220;|||&#8220; pac_dcm_carousel_specific_module_num=&#8220;0&#8243; global_colors_info=&#8220;{}&#8220; custom_padding__hover=&#8220;|||&#8220;][et_pb_wc_upsells columns_number=&#8220;3&#8243; _builder_version=&#8220;4.16&#8243; global_colors_info=&#8220;{}&#8220;][\/et_pb_wc_upsells][et_pb_wc_related_products columns_number=&#8220;3&#8243; _builder_version=&#8220;4.16&#8243; global_colors_info=&#8220;{}&#8220;][\/et_pb_wc_related_products][\/et_pb_column][\/et_pb_row][\/et_pb_section]<\/p>\n","protected":false},"excerpt":{"rendered":"<p>bePure Kalbsohren f\u00fcr mittelgrosse und grosse Hunde.<\/p>\n","protected":false},"featured_media":30306,"template":"","meta":{"_et_pb_use_builder":"on","_et_pb_old_content":" Kalbsohren mit Muschel 350 g F\u00fcr mittelgro\u00dfe und gro\u00dfe Hunde.","_et_gb_content_width":""},"product_brand":[],"product_cat":[40],"product_tag":[],"class_list":{"0":"post-30405","1":"product","2":"type-product","3":"status-publish","4":"has-post-thumbnail","6":"product_cat-kauartikel","8":"first","9":"instock","10":"shipping-taxable","11":"purchasable","12":"product-type-simple"},"yoast_head":"<!-- This site is optimized with the Yoast SEO plugin v27.4 - https:\/\/yoast.com\/product\/yoast-seo-wordpress\/ -->\n<title>Kalbsohren mit Ohrmuschel 350g &#8212; EdosDogs<\/title>\n<meta name=\"robots\" content=\"index, follow, max-snippet:-1, max-image-preview:large, max-video-preview:-1\" \/>\n<link rel=\"canonical\" href=\"https:\/\/edosdogs.ch\/de\/boutique\/kauartikel\/kalbsohren\/\" \/>\n<meta property=\"og:locale\" content=\"de_DE\" \/>\n<meta property=\"og:type\" content=\"article\" \/>\n<meta property=\"og:title\" content=\"Kalbsohren mit Ohrmuschel 350g &#8212; EdosDogs\" \/>\n<meta property=\"og:description\" content=\"bePure Kalbsohren f\u00fcr mittelgrosse und grosse Hunde.\" \/>\n<meta property=\"og:url\" content=\"https:\/\/edosdogs.ch\/de\/boutique\/kauartikel\/kalbsohren\/\" \/>\n<meta property=\"og:site_name\" content=\"EdosDogs\" \/>\n<meta property=\"article:modified_time\" content=\"2024-07-25T15:27:26+00:00\" \/>\n<meta property=\"og:image\" content=\"https:\/\/edosdogs.ch\/wp-content\/uploads\/2024\/06\/oreilles-veau.jpg\" \/>\n\t<meta property=\"og:image:width\" content=\"600\" \/>\n\t<meta property=\"og:image:height\" content=\"600\" \/>\n\t<meta property=\"og:image:type\" content=\"image\/jpeg\" \/>\n<meta name=\"twitter:card\" content=\"summary_large_image\" \/>\n<meta name=\"twitter:label1\" content=\"Gesch\u00e4tzte Lesezeit\" \/>\n\t<meta name=\"twitter:data1\" content=\"2\u00a0Minuten\" \/>\n<script type=\"application\/ld+json\" class=\"yoast-schema-graph\">{\"@context\":\"https:\\\/\\\/schema.org\",\"@graph\":[{\"@type\":\"WebPage\",\"@id\":\"https:\\\/\\\/edosdogs.ch\\\/de\\\/boutique\\\/kauartikel\\\/kalbsohren\\\/\",\"url\":\"https:\\\/\\\/edosdogs.ch\\\/de\\\/boutique\\\/kauartikel\\\/kalbsohren\\\/\",\"name\":\"Kalbsohren mit Ohrmuschel 350g &#8212; EdosDogs\",\"isPartOf\":{\"@id\":\"https:\\\/\\\/edosdogs.ch\\\/de\\\/#website\"},\"primaryImageOfPage\":{\"@id\":\"https:\\\/\\\/edosdogs.ch\\\/de\\\/boutique\\\/kauartikel\\\/kalbsohren\\\/#primaryimage\"},\"image\":{\"@id\":\"https:\\\/\\\/edosdogs.ch\\\/de\\\/boutique\\\/kauartikel\\\/kalbsohren\\\/#primaryimage\"},\"thumbnailUrl\":\"https:\\\/\\\/edosdogs.ch\\\/wp-content\\\/uploads\\\/2024\\\/06\\\/oreilles-veau.jpg\",\"datePublished\":\"2024-06-11T11:44:25+00:00\",\"dateModified\":\"2024-07-25T15:27:26+00:00\",\"breadcrumb\":{\"@id\":\"https:\\\/\\\/edosdogs.ch\\\/de\\\/boutique\\\/kauartikel\\\/kalbsohren\\\/#breadcrumb\"},\"inLanguage\":\"de\",\"potentialAction\":[{\"@type\":\"ReadAction\",\"target\":[\"https:\\\/\\\/edosdogs.ch\\\/de\\\/boutique\\\/kauartikel\\\/kalbsohren\\\/\"]}]},{\"@type\":\"ImageObject\",\"inLanguage\":\"de\",\"@id\":\"https:\\\/\\\/edosdogs.ch\\\/de\\\/boutique\\\/kauartikel\\\/kalbsohren\\\/#primaryimage\",\"url\":\"https:\\\/\\\/edosdogs.ch\\\/wp-content\\\/uploads\\\/2024\\\/06\\\/oreilles-veau.jpg\",\"contentUrl\":\"https:\\\/\\\/edosdogs.ch\\\/wp-content\\\/uploads\\\/2024\\\/06\\\/oreilles-veau.jpg\",\"width\":600,\"height\":600},{\"@type\":\"BreadcrumbList\",\"@id\":\"https:\\\/\\\/edosdogs.ch\\\/de\\\/boutique\\\/kauartikel\\\/kalbsohren\\\/#breadcrumb\",\"itemListElement\":[{\"@type\":\"ListItem\",\"position\":1,\"name\":\"Accueil\",\"item\":\"https:\\\/\\\/edosdogs.ch\\\/de\\\/\"},{\"@type\":\"ListItem\",\"position\":2,\"name\":\"Shop\",\"item\":\"https:\\\/\\\/edosdogs.ch\\\/de\\\/shop\\\/\"},{\"@type\":\"ListItem\",\"position\":3,\"name\":\"Kalbsohren mit Ohrmuschel 350g\"}]},{\"@type\":\"WebSite\",\"@id\":\"https:\\\/\\\/edosdogs.ch\\\/de\\\/#website\",\"url\":\"https:\\\/\\\/edosdogs.ch\\\/de\\\/\",\"name\":\"EdosAnima\",\"description\":\"Bien-\u00eatre canin et humain\",\"publisher\":{\"@id\":\"https:\\\/\\\/edosdogs.ch\\\/de\\\/#organization\"},\"potentialAction\":[{\"@type\":\"SearchAction\",\"target\":{\"@type\":\"EntryPoint\",\"urlTemplate\":\"https:\\\/\\\/edosdogs.ch\\\/de\\\/?s={search_term_string}\"},\"query-input\":{\"@type\":\"PropertyValueSpecification\",\"valueRequired\":true,\"valueName\":\"search_term_string\"}}],\"inLanguage\":\"de\"},{\"@type\":\"Organization\",\"@id\":\"https:\\\/\\\/edosdogs.ch\\\/de\\\/#organization\",\"name\":\"EdosAnima\",\"url\":\"https:\\\/\\\/edosdogs.ch\\\/de\\\/\",\"logo\":{\"@type\":\"ImageObject\",\"inLanguage\":\"de\",\"@id\":\"https:\\\/\\\/edosdogs.ch\\\/de\\\/#\\\/schema\\\/logo\\\/image\\\/\",\"url\":\"https:\\\/\\\/edosanima.ch\\\/wp-content\\\/uploads\\\/2024\\\/04\\\/watermark-brun.png\",\"contentUrl\":\"https:\\\/\\\/edosanima.ch\\\/wp-content\\\/uploads\\\/2024\\\/04\\\/watermark-brun.png\",\"width\":376,\"height\":377,\"caption\":\"EdosAnima\"},\"image\":{\"@id\":\"https:\\\/\\\/edosdogs.ch\\\/de\\\/#\\\/schema\\\/logo\\\/image\\\/\"}}]}<\/script>\n<!-- \/ Yoast SEO plugin. -->","yoast_head_json":{"title":"Kalbsohren mit Ohrmuschel 350g &#8212; EdosDogs","robots":{"index":"index","follow":"follow","max-snippet":"max-snippet:-1","max-image-preview":"max-image-preview:large","max-video-preview":"max-video-preview:-1"},"canonical":"https:\/\/edosdogs.ch\/de\/boutique\/kauartikel\/kalbsohren\/","og_locale":"de_DE","og_type":"article","og_title":"Kalbsohren mit Ohrmuschel 350g &#8212; EdosDogs","og_description":"bePure Kalbsohren f\u00fcr mittelgrosse und grosse Hunde.","og_url":"https:\/\/edosdogs.ch\/de\/boutique\/kauartikel\/kalbsohren\/","og_site_name":"EdosDogs","article_modified_time":"2024-07-25T15:27:26+00:00","og_image":[{"width":600,"height":600,"url":"https:\/\/edosdogs.ch\/wp-content\/uploads\/2024\/06\/oreilles-veau.jpg","type":"image\/jpeg"}],"twitter_card":"summary_large_image","twitter_misc":{"Gesch\u00e4tzte Lesezeit":"2\u00a0Minuten"},"schema":{"@context":"https:\/\/schema.org","@graph":[{"@type":"WebPage","@id":"https:\/\/edosdogs.ch\/de\/boutique\/kauartikel\/kalbsohren\/","url":"https:\/\/edosdogs.ch\/de\/boutique\/kauartikel\/kalbsohren\/","name":"Kalbsohren mit Ohrmuschel 350g &#8212; EdosDogs","isPartOf":{"@id":"https:\/\/edosdogs.ch\/de\/#website"},"primaryImageOfPage":{"@id":"https:\/\/edosdogs.ch\/de\/boutique\/kauartikel\/kalbsohren\/#primaryimage"},"image":{"@id":"https:\/\/edosdogs.ch\/de\/boutique\/kauartikel\/kalbsohren\/#primaryimage"},"thumbnailUrl":"https:\/\/edosdogs.ch\/wp-content\/uploads\/2024\/06\/oreilles-veau.jpg","datePublished":"2024-06-11T11:44:25+00:00","dateModified":"2024-07-25T15:27:26+00:00","breadcrumb":{"@id":"https:\/\/edosdogs.ch\/de\/boutique\/kauartikel\/kalbsohren\/#breadcrumb"},"inLanguage":"de","potentialAction":[{"@type":"ReadAction","target":["https:\/\/edosdogs.ch\/de\/boutique\/kauartikel\/kalbsohren\/"]}]},{"@type":"ImageObject","inLanguage":"de","@id":"https:\/\/edosdogs.ch\/de\/boutique\/kauartikel\/kalbsohren\/#primaryimage","url":"https:\/\/edosdogs.ch\/wp-content\/uploads\/2024\/06\/oreilles-veau.jpg","contentUrl":"https:\/\/edosdogs.ch\/wp-content\/uploads\/2024\/06\/oreilles-veau.jpg","width":600,"height":600},{"@type":"BreadcrumbList","@id":"https:\/\/edosdogs.ch\/de\/boutique\/kauartikel\/kalbsohren\/#breadcrumb","itemListElement":[{"@type":"ListItem","position":1,"name":"Accueil","item":"https:\/\/edosdogs.ch\/de\/"},{"@type":"ListItem","position":2,"name":"Shop","item":"https:\/\/edosdogs.ch\/de\/shop\/"},{"@type":"ListItem","position":3,"name":"Kalbsohren mit Ohrmuschel 350g"}]},{"@type":"WebSite","@id":"https:\/\/edosdogs.ch\/de\/#website","url":"https:\/\/edosdogs.ch\/de\/","name":"EdosAnima","description":"Bien-\u00eatre canin et humain","publisher":{"@id":"https:\/\/edosdogs.ch\/de\/#organization"},"potentialAction":[{"@type":"SearchAction","target":{"@type":"EntryPoint","urlTemplate":"https:\/\/edosdogs.ch\/de\/?s={search_term_string}"},"query-input":{"@type":"PropertyValueSpecification","valueRequired":true,"valueName":"search_term_string"}}],"inLanguage":"de"},{"@type":"Organization","@id":"https:\/\/edosdogs.ch\/de\/#organization","name":"EdosAnima","url":"https:\/\/edosdogs.ch\/de\/","logo":{"@type":"ImageObject","inLanguage":"de","@id":"https:\/\/edosdogs.ch\/de\/#\/schema\/logo\/image\/","url":"https:\/\/edosanima.ch\/wp-content\/uploads\/2024\/04\/watermark-brun.png","contentUrl":"https:\/\/edosanima.ch\/wp-content\/uploads\/2024\/04\/watermark-brun.png","width":376,"height":377,"caption":"EdosAnima"},"image":{"@id":"https:\/\/edosdogs.ch\/de\/#\/schema\/logo\/image\/"}}]}},"_links":{"self":[{"href":"https:\/\/edosdogs.ch\/de\/wp-json\/wp\/v2\/product\/30405","targetHints":{"allow":["GET"]}}],"collection":[{"href":"https:\/\/edosdogs.ch\/de\/wp-json\/wp\/v2\/product"}],"about":[{"href":"https:\/\/edosdogs.ch\/de\/wp-json\/wp\/v2\/types\/product"}],"wp:featuredmedia":[{"embeddable":true,"href":"https:\/\/edosdogs.ch\/de\/wp-json\/wp\/v2\/media\/30306"}],"wp:attachment":[{"href":"https:\/\/edosdogs.ch\/de\/wp-json\/wp\/v2\/media?parent=30405"}],"wp:term":[{"taxonomy":"product_brand","embeddable":true,"href":"https:\/\/edosdogs.ch\/de\/wp-json\/wp\/v2\/product_brand?post=30405"},{"taxonomy":"product_cat","embeddable":true,"href":"https:\/\/edosdogs.ch\/de\/wp-json\/wp\/v2\/product_cat?post=30405"},{"taxonomy":"product_tag","embeddable":true,"href":"https:\/\/edosdogs.ch\/de\/wp-json\/wp\/v2\/product_tag?post=30405"}],"curies":[{"name":"wp","href":"https:\/\/api.w.org\/{rel}","templated":true}]}}