{"id":30626,"date":"2024-10-05T16:23:21","date_gmt":"2024-10-05T14:23:21","guid":{"rendered":"https:\/\/edosanima.ch\/produit\/kong-safestix\/"},"modified":"2025-03-06T22:22:00","modified_gmt":"2025-03-06T21:22:00","slug":"kong-safestix","status":"publish","type":"product","link":"https:\/\/edosdogs.ch\/de\/boutique\/spielzeuge\/kong-safestix\/","title":{"rendered":"KONG SafeStix"},"content":{"rendered":"<p>[et_pb_section fb_built=&#8220;1&#8243; _builder_version=&#8220;4.16&#8243; custom_padding=&#8220;0px||||false|false&#8220; global_colors_info=&#8220;{}&#8220;][et_pb_row _builder_version=&#8220;4.16&#8243; background_size=&#8220;initial&#8220; background_position=&#8220;top_left&#8220; background_repeat=&#8220;repeat&#8220; width=&#8220;100%&#8220; custom_padding=&#8220;0px||0px||false|false&#8220; global_colors_info=&#8220;{}&#8220;][et_pb_column type=&#8220;4_4&#8243; _builder_version=&#8220;4.16&#8243; custom_padding=&#8220;|||&#8220; pac_dcm_carousel_specific_module_num=&#8220;0&#8243; global_colors_info=&#8220;{}&#8220; custom_padding__hover=&#8220;|||&#8220;][et_pb_wc_breadcrumb _builder_version=&#8220;4.16&#8243; global_colors_info=&#8220;{}&#8220;][\/et_pb_wc_breadcrumb][et_pb_wc_cart_notice _builder_version=&#8220;4.16&#8243; global_colors_info=&#8220;{}&#8220;][\/et_pb_wc_cart_notice][\/et_pb_column][\/et_pb_row][et_pb_row _builder_version=&#8220;4.16&#8243; background_size=&#8220;initial&#8220; background_position=&#8220;top_left&#8220; background_repeat=&#8220;repeat&#8220; width=&#8220;100%&#8220; custom_padding=&#8220;0px||||false|false&#8220; global_colors_info=&#8220;{}&#8220; column_structure=&#8220;1_2,1_2&#8243;][et_pb_column type=&#8220;1_2&#8243; _builder_version=&#8220;4.16&#8243; custom_padding=&#8220;|||&#8220; pac_dcm_carousel_specific_module_num=&#8220;0&#8243; global_colors_info=&#8220;{}&#8220; custom_padding__hover=&#8220;|||&#8220;][et_pb_wc_images _builder_version=&#8220;4.16&#8243; global_colors_info=&#8220;{}&#8220;][\/et_pb_wc_images][\/et_pb_column][et_pb_column type=&#8220;1_2&#8243; _builder_version=&#8220;4.16&#8243; custom_padding=&#8220;|||&#8220; pac_dcm_carousel_specific_module_num=&#8220;0&#8243; global_colors_info=&#8220;{}&#8220; custom_padding__hover=&#8220;|||&#8220;][et_pb_wc_title _builder_version=&#8220;4.16&#8243; global_colors_info=&#8220;{}&#8220;][\/et_pb_wc_title][et_pb_wc_rating _builder_version=&#8220;4.16&#8243; global_colors_info=&#8220;{}&#8220;][\/et_pb_wc_rating][et_pb_wc_price _builder_version=&#8220;4.16&#8243; global_colors_info=&#8220;{}&#8220;][\/et_pb_wc_price][et_pb_wc_description _builder_version=&#8220;4.16&#8243; global_colors_info=&#8220;{}&#8220;][\/et_pb_wc_description][et_pb_wc_add_to_cart _builder_version=&#8220;4.16&#8243; global_colors_info=&#8220;{}&#8220;][\/et_pb_wc_add_to_cart][et_pb_wc_meta _builder_version=&#8220;4.16&#8243; global_colors_info=&#8220;{}&#8220;][\/et_pb_wc_meta][\/et_pb_column][\/et_pb_row][et_pb_row _builder_version=&#8220;4.16&#8243; background_size=&#8220;initial&#8220; background_position=&#8220;top_left&#8220; background_repeat=&#8220;repeat&#8220; width=&#8220;100%&#8220; global_colors_info=&#8220;{}&#8220;][et_pb_column type=&#8220;4_4&#8243; _builder_version=&#8220;4.16&#8243; custom_padding=&#8220;|||&#8220; pac_dcm_carousel_specific_module_num=&#8220;0&#8243; global_colors_info=&#8220;{}&#8220; custom_padding__hover=&#8220;|||&#8220;][et_pb_wc_upsells columns_number=&#8220;3&#8243; _builder_version=&#8220;4.16&#8243; global_colors_info=&#8220;{}&#8220;][\/et_pb_wc_upsells][et_pb_wc_related_products columns_number=&#8220;3&#8243; _builder_version=&#8220;4.16&#8243; global_colors_info=&#8220;{}&#8220;][\/et_pb_wc_related_products][\/et_pb_column][\/et_pb_row][\/et_pb_section]<\/p>\n","protected":false},"excerpt":{"rendered":"<p>Das Spielzeug besteht aus einem St\u00fcck robustem Kunststoff und bieten dem Hund dadurch vermehrte Sicherheit sowie viele interaktive Spielm\u00f6glichkeiten. Zudem sind die KONG Safestix schwimmf\u00e4hig.<br \/>Farbe: blau, rot oder gr\u00fcn.<br \/>L\u00e4nge: 30 cm<\/p>\n","protected":false},"featured_media":30581,"template":"","meta":{"_et_pb_use_builder":"on","_et_pb_old_content":"","_et_gb_content_width":""},"product_brand":[],"product_cat":[47],"product_tag":[],"class_list":{"0":"post-30626","1":"product","2":"type-product","3":"status-publish","4":"has-post-thumbnail","6":"product_cat-spielzeuge","8":"first","9":"instock","10":"shipping-taxable","11":"purchasable","12":"product-type-variable","13":"has-default-attributes"},"yoast_head":"<!-- This site is optimized with the Yoast SEO plugin v27.4 - https:\/\/yoast.com\/product\/yoast-seo-wordpress\/ -->\n<title>KONG SafeStix &#8212; EdosDogs<\/title>\n<meta name=\"robots\" content=\"index, follow, max-snippet:-1, max-image-preview:large, max-video-preview:-1\" \/>\n<link rel=\"canonical\" href=\"https:\/\/edosdogs.ch\/de\/boutique\/spielzeuge\/kong-safestix\/\" \/>\n<meta property=\"og:locale\" content=\"de_DE\" \/>\n<meta property=\"og:type\" content=\"article\" \/>\n<meta property=\"og:title\" content=\"KONG SafeStix &#8212; EdosDogs\" \/>\n<meta property=\"og:description\" content=\"Das Spielzeug besteht aus einem St\u00fcck robustem Kunststoff und bieten dem Hund dadurch vermehrte Sicherheit sowie viele interaktive Spielm\u00f6glichkeiten. Zudem sind die KONG Safestix schwimmf\u00e4hig.Farbe: blau, rot oder gr\u00fcn.L\u00e4nge: 30 cm\" \/>\n<meta property=\"og:url\" content=\"https:\/\/edosdogs.ch\/de\/boutique\/spielzeuge\/kong-safestix\/\" \/>\n<meta property=\"og:site_name\" content=\"EdosDogs\" \/>\n<meta property=\"article:modified_time\" content=\"2025-03-06T21:22:00+00:00\" \/>\n<meta property=\"og:image\" content=\"https:\/\/edosdogs.ch\/wp-content\/uploads\/2024\/10\/Kong_SafeStix.jpg\" \/>\n\t<meta property=\"og:image:width\" content=\"600\" \/>\n\t<meta property=\"og:image:height\" content=\"600\" \/>\n\t<meta property=\"og:image:type\" content=\"image\/jpeg\" \/>\n<meta name=\"twitter:card\" content=\"summary_large_image\" \/>\n<meta name=\"twitter:label1\" content=\"Gesch\u00e4tzte Lesezeit\" \/>\n\t<meta name=\"twitter:data1\" content=\"2\u00a0Minuten\" \/>\n<script type=\"application\/ld+json\" class=\"yoast-schema-graph\">{\"@context\":\"https:\\\/\\\/schema.org\",\"@graph\":[{\"@type\":\"WebPage\",\"@id\":\"https:\\\/\\\/edosdogs.ch\\\/de\\\/boutique\\\/spielzeuge\\\/kong-safestix\\\/\",\"url\":\"https:\\\/\\\/edosdogs.ch\\\/de\\\/boutique\\\/spielzeuge\\\/kong-safestix\\\/\",\"name\":\"KONG SafeStix &#8212; EdosDogs\",\"isPartOf\":{\"@id\":\"https:\\\/\\\/edosdogs.ch\\\/de\\\/#website\"},\"primaryImageOfPage\":{\"@id\":\"https:\\\/\\\/edosdogs.ch\\\/de\\\/boutique\\\/spielzeuge\\\/kong-safestix\\\/#primaryimage\"},\"image\":{\"@id\":\"https:\\\/\\\/edosdogs.ch\\\/de\\\/boutique\\\/spielzeuge\\\/kong-safestix\\\/#primaryimage\"},\"thumbnailUrl\":\"https:\\\/\\\/edosdogs.ch\\\/wp-content\\\/uploads\\\/2024\\\/10\\\/Kong_SafeStix.jpg\",\"datePublished\":\"2024-10-05T14:23:21+00:00\",\"dateModified\":\"2025-03-06T21:22:00+00:00\",\"breadcrumb\":{\"@id\":\"https:\\\/\\\/edosdogs.ch\\\/de\\\/boutique\\\/spielzeuge\\\/kong-safestix\\\/#breadcrumb\"},\"inLanguage\":\"de\",\"potentialAction\":[{\"@type\":\"ReadAction\",\"target\":[\"https:\\\/\\\/edosdogs.ch\\\/de\\\/boutique\\\/spielzeuge\\\/kong-safestix\\\/\"]}]},{\"@type\":\"ImageObject\",\"inLanguage\":\"de\",\"@id\":\"https:\\\/\\\/edosdogs.ch\\\/de\\\/boutique\\\/spielzeuge\\\/kong-safestix\\\/#primaryimage\",\"url\":\"https:\\\/\\\/edosdogs.ch\\\/wp-content\\\/uploads\\\/2024\\\/10\\\/Kong_SafeStix.jpg\",\"contentUrl\":\"https:\\\/\\\/edosdogs.ch\\\/wp-content\\\/uploads\\\/2024\\\/10\\\/Kong_SafeStix.jpg\",\"width\":600,\"height\":600},{\"@type\":\"BreadcrumbList\",\"@id\":\"https:\\\/\\\/edosdogs.ch\\\/de\\\/boutique\\\/spielzeuge\\\/kong-safestix\\\/#breadcrumb\",\"itemListElement\":[{\"@type\":\"ListItem\",\"position\":1,\"name\":\"Accueil\",\"item\":\"https:\\\/\\\/edosdogs.ch\\\/de\\\/\"},{\"@type\":\"ListItem\",\"position\":2,\"name\":\"Shop\",\"item\":\"https:\\\/\\\/edosdogs.ch\\\/de\\\/shop\\\/\"},{\"@type\":\"ListItem\",\"position\":3,\"name\":\"KONG SafeStix\"}]},{\"@type\":\"WebSite\",\"@id\":\"https:\\\/\\\/edosdogs.ch\\\/de\\\/#website\",\"url\":\"https:\\\/\\\/edosdogs.ch\\\/de\\\/\",\"name\":\"EdosAnima\",\"description\":\"Bien-\u00eatre canin et humain\",\"publisher\":{\"@id\":\"https:\\\/\\\/edosdogs.ch\\\/de\\\/#organization\"},\"potentialAction\":[{\"@type\":\"SearchAction\",\"target\":{\"@type\":\"EntryPoint\",\"urlTemplate\":\"https:\\\/\\\/edosdogs.ch\\\/de\\\/?s={search_term_string}\"},\"query-input\":{\"@type\":\"PropertyValueSpecification\",\"valueRequired\":true,\"valueName\":\"search_term_string\"}}],\"inLanguage\":\"de\"},{\"@type\":\"Organization\",\"@id\":\"https:\\\/\\\/edosdogs.ch\\\/de\\\/#organization\",\"name\":\"EdosAnima\",\"url\":\"https:\\\/\\\/edosdogs.ch\\\/de\\\/\",\"logo\":{\"@type\":\"ImageObject\",\"inLanguage\":\"de\",\"@id\":\"https:\\\/\\\/edosdogs.ch\\\/de\\\/#\\\/schema\\\/logo\\\/image\\\/\",\"url\":\"https:\\\/\\\/edosanima.ch\\\/wp-content\\\/uploads\\\/2024\\\/04\\\/watermark-brun.png\",\"contentUrl\":\"https:\\\/\\\/edosanima.ch\\\/wp-content\\\/uploads\\\/2024\\\/04\\\/watermark-brun.png\",\"width\":376,\"height\":377,\"caption\":\"EdosAnima\"},\"image\":{\"@id\":\"https:\\\/\\\/edosdogs.ch\\\/de\\\/#\\\/schema\\\/logo\\\/image\\\/\"}}]}<\/script>\n<!-- \/ Yoast SEO plugin. -->","yoast_head_json":{"title":"KONG SafeStix &#8212; EdosDogs","robots":{"index":"index","follow":"follow","max-snippet":"max-snippet:-1","max-image-preview":"max-image-preview:large","max-video-preview":"max-video-preview:-1"},"canonical":"https:\/\/edosdogs.ch\/de\/boutique\/spielzeuge\/kong-safestix\/","og_locale":"de_DE","og_type":"article","og_title":"KONG SafeStix &#8212; EdosDogs","og_description":"Das Spielzeug besteht aus einem St\u00fcck robustem Kunststoff und bieten dem Hund dadurch vermehrte Sicherheit sowie viele interaktive Spielm\u00f6glichkeiten. Zudem sind die KONG Safestix schwimmf\u00e4hig.Farbe: blau, rot oder gr\u00fcn.L\u00e4nge: 30 cm","og_url":"https:\/\/edosdogs.ch\/de\/boutique\/spielzeuge\/kong-safestix\/","og_site_name":"EdosDogs","article_modified_time":"2025-03-06T21:22:00+00:00","og_image":[{"width":600,"height":600,"url":"https:\/\/edosdogs.ch\/wp-content\/uploads\/2024\/10\/Kong_SafeStix.jpg","type":"image\/jpeg"}],"twitter_card":"summary_large_image","twitter_misc":{"Gesch\u00e4tzte Lesezeit":"2\u00a0Minuten"},"schema":{"@context":"https:\/\/schema.org","@graph":[{"@type":"WebPage","@id":"https:\/\/edosdogs.ch\/de\/boutique\/spielzeuge\/kong-safestix\/","url":"https:\/\/edosdogs.ch\/de\/boutique\/spielzeuge\/kong-safestix\/","name":"KONG SafeStix &#8212; EdosDogs","isPartOf":{"@id":"https:\/\/edosdogs.ch\/de\/#website"},"primaryImageOfPage":{"@id":"https:\/\/edosdogs.ch\/de\/boutique\/spielzeuge\/kong-safestix\/#primaryimage"},"image":{"@id":"https:\/\/edosdogs.ch\/de\/boutique\/spielzeuge\/kong-safestix\/#primaryimage"},"thumbnailUrl":"https:\/\/edosdogs.ch\/wp-content\/uploads\/2024\/10\/Kong_SafeStix.jpg","datePublished":"2024-10-05T14:23:21+00:00","dateModified":"2025-03-06T21:22:00+00:00","breadcrumb":{"@id":"https:\/\/edosdogs.ch\/de\/boutique\/spielzeuge\/kong-safestix\/#breadcrumb"},"inLanguage":"de","potentialAction":[{"@type":"ReadAction","target":["https:\/\/edosdogs.ch\/de\/boutique\/spielzeuge\/kong-safestix\/"]}]},{"@type":"ImageObject","inLanguage":"de","@id":"https:\/\/edosdogs.ch\/de\/boutique\/spielzeuge\/kong-safestix\/#primaryimage","url":"https:\/\/edosdogs.ch\/wp-content\/uploads\/2024\/10\/Kong_SafeStix.jpg","contentUrl":"https:\/\/edosdogs.ch\/wp-content\/uploads\/2024\/10\/Kong_SafeStix.jpg","width":600,"height":600},{"@type":"BreadcrumbList","@id":"https:\/\/edosdogs.ch\/de\/boutique\/spielzeuge\/kong-safestix\/#breadcrumb","itemListElement":[{"@type":"ListItem","position":1,"name":"Accueil","item":"https:\/\/edosdogs.ch\/de\/"},{"@type":"ListItem","position":2,"name":"Shop","item":"https:\/\/edosdogs.ch\/de\/shop\/"},{"@type":"ListItem","position":3,"name":"KONG SafeStix"}]},{"@type":"WebSite","@id":"https:\/\/edosdogs.ch\/de\/#website","url":"https:\/\/edosdogs.ch\/de\/","name":"EdosAnima","description":"Bien-\u00eatre canin et humain","publisher":{"@id":"https:\/\/edosdogs.ch\/de\/#organization"},"potentialAction":[{"@type":"SearchAction","target":{"@type":"EntryPoint","urlTemplate":"https:\/\/edosdogs.ch\/de\/?s={search_term_string}"},"query-input":{"@type":"PropertyValueSpecification","valueRequired":true,"valueName":"search_term_string"}}],"inLanguage":"de"},{"@type":"Organization","@id":"https:\/\/edosdogs.ch\/de\/#organization","name":"EdosAnima","url":"https:\/\/edosdogs.ch\/de\/","logo":{"@type":"ImageObject","inLanguage":"de","@id":"https:\/\/edosdogs.ch\/de\/#\/schema\/logo\/image\/","url":"https:\/\/edosanima.ch\/wp-content\/uploads\/2024\/04\/watermark-brun.png","contentUrl":"https:\/\/edosanima.ch\/wp-content\/uploads\/2024\/04\/watermark-brun.png","width":376,"height":377,"caption":"EdosAnima"},"image":{"@id":"https:\/\/edosdogs.ch\/de\/#\/schema\/logo\/image\/"}}]}},"_links":{"self":[{"href":"https:\/\/edosdogs.ch\/de\/wp-json\/wp\/v2\/product\/30626","targetHints":{"allow":["GET"]}}],"collection":[{"href":"https:\/\/edosdogs.ch\/de\/wp-json\/wp\/v2\/product"}],"about":[{"href":"https:\/\/edosdogs.ch\/de\/wp-json\/wp\/v2\/types\/product"}],"wp:featuredmedia":[{"embeddable":true,"href":"https:\/\/edosdogs.ch\/de\/wp-json\/wp\/v2\/media\/30581"}],"wp:attachment":[{"href":"https:\/\/edosdogs.ch\/de\/wp-json\/wp\/v2\/media?parent=30626"}],"wp:term":[{"taxonomy":"product_brand","embeddable":true,"href":"https:\/\/edosdogs.ch\/de\/wp-json\/wp\/v2\/product_brand?post=30626"},{"taxonomy":"product_cat","embeddable":true,"href":"https:\/\/edosdogs.ch\/de\/wp-json\/wp\/v2\/product_cat?post=30626"},{"taxonomy":"product_tag","embeddable":true,"href":"https:\/\/edosdogs.ch\/de\/wp-json\/wp\/v2\/product_tag?post=30626"}],"curies":[{"name":"wp","href":"https:\/\/api.w.org\/{rel}","templated":true}]}}