{"id":31205,"date":"2024-12-06T14:22:32","date_gmt":"2024-12-06T13:22:32","guid":{"rendered":"https:\/\/edosanima.ch\/boutique\/unkategorisiert\/carnilove-katzenfutter\/"},"modified":"2024-12-06T14:22:32","modified_gmt":"2024-12-06T13:22:32","slug":"carnilove-katzenfutter","status":"publish","type":"product","link":"https:\/\/edosdogs.ch\/de\/boutique\/fur-katzen\/carnilove-katzenfutter\/","title":{"rendered":"Carnilove Katzenfutter"},"content":{"rendered":"","protected":false},"excerpt":{"rendered":"<p>Carnilove wurde mit dem Gedanken an die urspr\u00fcngliche Ern\u00e4hrungsbed\u00fcrfnisse von Katzen hergestellt. <br \/>Getreidefrei und Kartoffelfrei.<\/p>\n<p>Wir haben uns aus mehreren Gr\u00fcnden f\u00fcr Carnilove entschieden. Bitte z\u00f6gern Sie nicht, mich zu kontaktieren, um mehr zu wissen!<\/p>\n","protected":false},"featured_media":30954,"template":"","meta":{"_et_pb_use_builder":"","_et_pb_old_content":"","_et_gb_content_width":""},"product_brand":[],"product_cat":[55],"product_tag":[],"class_list":{"0":"post-31205","1":"product","2":"type-product","3":"status-publish","4":"has-post-thumbnail","6":"product_cat-fur-katzen","8":"first","9":"instock","10":"shipping-taxable","11":"product-type-simple"},"yoast_head":"<!-- This site is optimized with the Yoast SEO plugin v27.4 - https:\/\/yoast.com\/product\/yoast-seo-wordpress\/ -->\n<title>Carnilove Katzenfutter &#8212; EdosDogs<\/title>\n<meta name=\"robots\" content=\"index, follow, max-snippet:-1, max-image-preview:large, max-video-preview:-1\" \/>\n<link rel=\"canonical\" href=\"https:\/\/edosdogs.ch\/de\/boutique\/fur-katzen\/carnilove-katzenfutter\/\" \/>\n<meta property=\"og:locale\" content=\"de_DE\" \/>\n<meta property=\"og:type\" content=\"article\" \/>\n<meta property=\"og:title\" content=\"Carnilove Katzenfutter &#8212; EdosDogs\" \/>\n<meta property=\"og:description\" content=\"Carnilove wurde mit dem Gedanken an die urspr\u00fcngliche Ern\u00e4hrungsbed\u00fcrfnisse von Katzen hergestellt. Getreidefrei und Kartoffelfrei.Wir haben uns aus mehreren Gr\u00fcnden f\u00fcr Carnilove entschieden. Bitte z\u00f6gern Sie nicht, mich zu kontaktieren, um mehr zu wissen!\" \/>\n<meta property=\"og:url\" content=\"https:\/\/edosdogs.ch\/de\/boutique\/fur-katzen\/carnilove-katzenfutter\/\" \/>\n<meta property=\"og:site_name\" content=\"EdosDogs\" \/>\n<meta property=\"og:image\" content=\"https:\/\/edosdogs.ch\/wp-content\/uploads\/2025\/01\/logo-new_Carnilove_jpg-1.jpg\" \/>\n\t<meta property=\"og:image:width\" content=\"300\" \/>\n\t<meta property=\"og:image:height\" content=\"137\" \/>\n\t<meta property=\"og:image:type\" content=\"image\/jpeg\" \/>\n<meta name=\"twitter:card\" content=\"summary_large_image\" \/>\n<script type=\"application\/ld+json\" class=\"yoast-schema-graph\">{\"@context\":\"https:\\\/\\\/schema.org\",\"@graph\":[{\"@type\":\"WebPage\",\"@id\":\"https:\\\/\\\/edosdogs.ch\\\/de\\\/boutique\\\/fur-katzen\\\/carnilove-katzenfutter\\\/\",\"url\":\"https:\\\/\\\/edosdogs.ch\\\/de\\\/boutique\\\/fur-katzen\\\/carnilove-katzenfutter\\\/\",\"name\":\"Carnilove Katzenfutter &#8212; EdosDogs\",\"isPartOf\":{\"@id\":\"https:\\\/\\\/edosdogs.ch\\\/de\\\/#website\"},\"primaryImageOfPage\":{\"@id\":\"https:\\\/\\\/edosdogs.ch\\\/de\\\/boutique\\\/fur-katzen\\\/carnilove-katzenfutter\\\/#primaryimage\"},\"image\":{\"@id\":\"https:\\\/\\\/edosdogs.ch\\\/de\\\/boutique\\\/fur-katzen\\\/carnilove-katzenfutter\\\/#primaryimage\"},\"thumbnailUrl\":\"https:\\\/\\\/edosdogs.ch\\\/wp-content\\\/uploads\\\/2025\\\/01\\\/logo-new_Carnilove_jpg-1.jpg\",\"datePublished\":\"2024-12-06T13:22:32+00:00\",\"breadcrumb\":{\"@id\":\"https:\\\/\\\/edosdogs.ch\\\/de\\\/boutique\\\/fur-katzen\\\/carnilove-katzenfutter\\\/#breadcrumb\"},\"inLanguage\":\"de\",\"potentialAction\":[{\"@type\":\"ReadAction\",\"target\":[\"https:\\\/\\\/edosdogs.ch\\\/de\\\/boutique\\\/fur-katzen\\\/carnilove-katzenfutter\\\/\"]}]},{\"@type\":\"ImageObject\",\"inLanguage\":\"de\",\"@id\":\"https:\\\/\\\/edosdogs.ch\\\/de\\\/boutique\\\/fur-katzen\\\/carnilove-katzenfutter\\\/#primaryimage\",\"url\":\"https:\\\/\\\/edosdogs.ch\\\/wp-content\\\/uploads\\\/2025\\\/01\\\/logo-new_Carnilove_jpg-1.jpg\",\"contentUrl\":\"https:\\\/\\\/edosdogs.ch\\\/wp-content\\\/uploads\\\/2025\\\/01\\\/logo-new_Carnilove_jpg-1.jpg\",\"width\":300,\"height\":137},{\"@type\":\"BreadcrumbList\",\"@id\":\"https:\\\/\\\/edosdogs.ch\\\/de\\\/boutique\\\/fur-katzen\\\/carnilove-katzenfutter\\\/#breadcrumb\",\"itemListElement\":[{\"@type\":\"ListItem\",\"position\":1,\"name\":\"Accueil\",\"item\":\"https:\\\/\\\/edosdogs.ch\\\/de\\\/\"},{\"@type\":\"ListItem\",\"position\":2,\"name\":\"Shop\",\"item\":\"https:\\\/\\\/edosdogs.ch\\\/de\\\/shop\\\/\"},{\"@type\":\"ListItem\",\"position\":3,\"name\":\"Carnilove Katzenfutter\"}]},{\"@type\":\"WebSite\",\"@id\":\"https:\\\/\\\/edosdogs.ch\\\/de\\\/#website\",\"url\":\"https:\\\/\\\/edosdogs.ch\\\/de\\\/\",\"name\":\"EdosAnima\",\"description\":\"Bien-\u00eatre canin et humain\",\"publisher\":{\"@id\":\"https:\\\/\\\/edosdogs.ch\\\/de\\\/#organization\"},\"potentialAction\":[{\"@type\":\"SearchAction\",\"target\":{\"@type\":\"EntryPoint\",\"urlTemplate\":\"https:\\\/\\\/edosdogs.ch\\\/de\\\/?s={search_term_string}\"},\"query-input\":{\"@type\":\"PropertyValueSpecification\",\"valueRequired\":true,\"valueName\":\"search_term_string\"}}],\"inLanguage\":\"de\"},{\"@type\":\"Organization\",\"@id\":\"https:\\\/\\\/edosdogs.ch\\\/de\\\/#organization\",\"name\":\"EdosAnima\",\"url\":\"https:\\\/\\\/edosdogs.ch\\\/de\\\/\",\"logo\":{\"@type\":\"ImageObject\",\"inLanguage\":\"de\",\"@id\":\"https:\\\/\\\/edosdogs.ch\\\/de\\\/#\\\/schema\\\/logo\\\/image\\\/\",\"url\":\"https:\\\/\\\/edosanima.ch\\\/wp-content\\\/uploads\\\/2024\\\/04\\\/watermark-brun.png\",\"contentUrl\":\"https:\\\/\\\/edosanima.ch\\\/wp-content\\\/uploads\\\/2024\\\/04\\\/watermark-brun.png\",\"width\":376,\"height\":377,\"caption\":\"EdosAnima\"},\"image\":{\"@id\":\"https:\\\/\\\/edosdogs.ch\\\/de\\\/#\\\/schema\\\/logo\\\/image\\\/\"}}]}<\/script>\n<!-- \/ Yoast SEO plugin. -->","yoast_head_json":{"title":"Carnilove Katzenfutter &#8212; EdosDogs","robots":{"index":"index","follow":"follow","max-snippet":"max-snippet:-1","max-image-preview":"max-image-preview:large","max-video-preview":"max-video-preview:-1"},"canonical":"https:\/\/edosdogs.ch\/de\/boutique\/fur-katzen\/carnilove-katzenfutter\/","og_locale":"de_DE","og_type":"article","og_title":"Carnilove Katzenfutter &#8212; EdosDogs","og_description":"Carnilove wurde mit dem Gedanken an die urspr\u00fcngliche Ern\u00e4hrungsbed\u00fcrfnisse von Katzen hergestellt. Getreidefrei und Kartoffelfrei.Wir haben uns aus mehreren Gr\u00fcnden f\u00fcr Carnilove entschieden. Bitte z\u00f6gern Sie nicht, mich zu kontaktieren, um mehr zu wissen!","og_url":"https:\/\/edosdogs.ch\/de\/boutique\/fur-katzen\/carnilove-katzenfutter\/","og_site_name":"EdosDogs","og_image":[{"width":300,"height":137,"url":"https:\/\/edosdogs.ch\/wp-content\/uploads\/2025\/01\/logo-new_Carnilove_jpg-1.jpg","type":"image\/jpeg"}],"twitter_card":"summary_large_image","schema":{"@context":"https:\/\/schema.org","@graph":[{"@type":"WebPage","@id":"https:\/\/edosdogs.ch\/de\/boutique\/fur-katzen\/carnilove-katzenfutter\/","url":"https:\/\/edosdogs.ch\/de\/boutique\/fur-katzen\/carnilove-katzenfutter\/","name":"Carnilove Katzenfutter &#8212; EdosDogs","isPartOf":{"@id":"https:\/\/edosdogs.ch\/de\/#website"},"primaryImageOfPage":{"@id":"https:\/\/edosdogs.ch\/de\/boutique\/fur-katzen\/carnilove-katzenfutter\/#primaryimage"},"image":{"@id":"https:\/\/edosdogs.ch\/de\/boutique\/fur-katzen\/carnilove-katzenfutter\/#primaryimage"},"thumbnailUrl":"https:\/\/edosdogs.ch\/wp-content\/uploads\/2025\/01\/logo-new_Carnilove_jpg-1.jpg","datePublished":"2024-12-06T13:22:32+00:00","breadcrumb":{"@id":"https:\/\/edosdogs.ch\/de\/boutique\/fur-katzen\/carnilove-katzenfutter\/#breadcrumb"},"inLanguage":"de","potentialAction":[{"@type":"ReadAction","target":["https:\/\/edosdogs.ch\/de\/boutique\/fur-katzen\/carnilove-katzenfutter\/"]}]},{"@type":"ImageObject","inLanguage":"de","@id":"https:\/\/edosdogs.ch\/de\/boutique\/fur-katzen\/carnilove-katzenfutter\/#primaryimage","url":"https:\/\/edosdogs.ch\/wp-content\/uploads\/2025\/01\/logo-new_Carnilove_jpg-1.jpg","contentUrl":"https:\/\/edosdogs.ch\/wp-content\/uploads\/2025\/01\/logo-new_Carnilove_jpg-1.jpg","width":300,"height":137},{"@type":"BreadcrumbList","@id":"https:\/\/edosdogs.ch\/de\/boutique\/fur-katzen\/carnilove-katzenfutter\/#breadcrumb","itemListElement":[{"@type":"ListItem","position":1,"name":"Accueil","item":"https:\/\/edosdogs.ch\/de\/"},{"@type":"ListItem","position":2,"name":"Shop","item":"https:\/\/edosdogs.ch\/de\/shop\/"},{"@type":"ListItem","position":3,"name":"Carnilove Katzenfutter"}]},{"@type":"WebSite","@id":"https:\/\/edosdogs.ch\/de\/#website","url":"https:\/\/edosdogs.ch\/de\/","name":"EdosAnima","description":"Bien-\u00eatre canin et humain","publisher":{"@id":"https:\/\/edosdogs.ch\/de\/#organization"},"potentialAction":[{"@type":"SearchAction","target":{"@type":"EntryPoint","urlTemplate":"https:\/\/edosdogs.ch\/de\/?s={search_term_string}"},"query-input":{"@type":"PropertyValueSpecification","valueRequired":true,"valueName":"search_term_string"}}],"inLanguage":"de"},{"@type":"Organization","@id":"https:\/\/edosdogs.ch\/de\/#organization","name":"EdosAnima","url":"https:\/\/edosdogs.ch\/de\/","logo":{"@type":"ImageObject","inLanguage":"de","@id":"https:\/\/edosdogs.ch\/de\/#\/schema\/logo\/image\/","url":"https:\/\/edosanima.ch\/wp-content\/uploads\/2024\/04\/watermark-brun.png","contentUrl":"https:\/\/edosanima.ch\/wp-content\/uploads\/2024\/04\/watermark-brun.png","width":376,"height":377,"caption":"EdosAnima"},"image":{"@id":"https:\/\/edosdogs.ch\/de\/#\/schema\/logo\/image\/"}}]}},"_links":{"self":[{"href":"https:\/\/edosdogs.ch\/de\/wp-json\/wp\/v2\/product\/31205","targetHints":{"allow":["GET"]}}],"collection":[{"href":"https:\/\/edosdogs.ch\/de\/wp-json\/wp\/v2\/product"}],"about":[{"href":"https:\/\/edosdogs.ch\/de\/wp-json\/wp\/v2\/types\/product"}],"wp:featuredmedia":[{"embeddable":true,"href":"https:\/\/edosdogs.ch\/de\/wp-json\/wp\/v2\/media\/30954"}],"wp:attachment":[{"href":"https:\/\/edosdogs.ch\/de\/wp-json\/wp\/v2\/media?parent=31205"}],"wp:term":[{"taxonomy":"product_brand","embeddable":true,"href":"https:\/\/edosdogs.ch\/de\/wp-json\/wp\/v2\/product_brand?post=31205"},{"taxonomy":"product_cat","embeddable":true,"href":"https:\/\/edosdogs.ch\/de\/wp-json\/wp\/v2\/product_cat?post=31205"},{"taxonomy":"product_tag","embeddable":true,"href":"https:\/\/edosdogs.ch\/de\/wp-json\/wp\/v2\/product_tag?post=31205"}],"curies":[{"name":"wp","href":"https:\/\/api.w.org\/{rel}","templated":true}]}}